{"id":5029,"date":"2026-04-01T15:55:39","date_gmt":"2026-04-01T12:55:39","guid":{"rendered":"https:\/\/labietis.lv\/?post_type=product&#038;p=5029"},"modified":"2026-04-02T14:55:49","modified_gmt":"2026-04-02T11:55:49","slug":"beer-for-gardening","status":"publish","type":"product","link":"https:\/\/labietis.lv\/en\/product\/beer-for-gardening\/","title":{"rendered":"Selection for spring gardening"},"content":{"rendered":"<p>Nothing goes together like hard work, fresh spring air and light beer. This selection of beers has been chosen with those in mind who like to catch the first rays of sunshine while getting slightly intoxicated, rake in hand or hoe by their side. <\/p>\n<p><strong>12-CAN BEER SET<\/strong><\/p>\n<p><strong>Four of each:<\/strong><\/p>\n<p><span style=\"color: #317eeb;\"><a style=\"color: #317eeb;\" href=\"https:\/\/labietis.lv\/en\/product\/jeska\/\"> Jack (Latvian lager) &#8211; 5,2%<\/a><\/span><br \/>\n<span style=\"color: #317eeb;\"><a style=\"color: #317eeb;\" href=\"https:\/\/labietis.lv\/en\/product\/soho-svitins\/\">Soho Dandy (english bitter) &#8211; 4,4%<\/a><\/span><br \/>\n<span style=\"color: #317eeb;\"><a style=\"color: #317eeb;\" href=\"https:\/\/labietis.lv\/products\/mezs\/\">Forest (juniper red ale) &#8211; 5,5%<\/a><\/span><\/p>\n","protected":false},"excerpt":{"rendered":"<p>Nothing goes together like hard work, fresh spring air and light beer. This selection of beers has been chosen with those in mind who like to catch the first rays of sunshine while getting slightly intoxicated, rake in hand or hoe by their side. <\/p>\n<p><strong>12-CAN BEER SET<\/strong><\/p>\n<p><strong>Four of each:<\/strong><\/p>\n<p><span style=\"color: #317eeb;\"><a style=\"color: #317eeb;\" href=\"https:\/\/labietis.lv\/en\/product\/jeska\/\"> Jack (Latvian lager) &#8211; 5,2%<\/a><\/span><br \/>\n<span style=\"color: #317eeb;\"><a style=\"color: #317eeb;\" href=\"https:\/\/labietis.lv\/en\/product\/soho-svitins\/\">Soho Dandy (english bitter) &#8211; 4,4%<\/a><\/span><br \/>\n<span style=\"color: #317eeb;\"><a style=\"color: #317eeb;\" href=\"https:\/\/labietis.lv\/products\/mezs\/\">Forest (juniper red ale) &#8211; 5,5%<\/a><\/span><\/p>\n","protected":false},"featured_media":6574,"comment_status":"closed","ping_status":"closed","template":"","meta":{"_acf_changed":false},"product_brand":[],"product_cat":[144],"product_tag":[143],"class_list":{"0":"post-5029","1":"product","2":"type-product","3":"status-publish","4":"has-post-thumbnail","6":"product_cat-beer-selections","7":"product_tag-beer-selections","9":"first","10":"instock","11":"featured","12":"taxable","13":"shipping-taxable","14":"purchasable","15":"product-type-simple"},"acf":[],"yoast_head":"<!-- This site is optimized with the Yoast SEO plugin v27.1.1 - https:\/\/yoast.com\/product\/yoast-seo-wordpress\/ -->\n<title>Beer selection for spring gardening - LABIETIS<\/title>\n<meta name=\"description\" content=\"The perfect 12-can beer selection for spring and gardening. Reward yourself with a fresh beer after work (Je\u0161ka, Soho \u0160v\u012bti\u0146\u0161, Me\u017es). Order your treat online!\" \/>\n<meta name=\"robots\" content=\"index, follow, max-snippet:-1, max-image-preview:large, max-video-preview:-1\" \/>\n<link rel=\"canonical\" href=\"https:\/\/labietis.lv\/en\/product\/beer-for-gardening\/\" \/>\n<meta property=\"og:locale\" content=\"en_US\" \/>\n<meta property=\"og:type\" content=\"article\" \/>\n<meta property=\"og:title\" content=\"Beer selection for spring gardening - LABIETIS\" \/>\n<meta property=\"og:description\" content=\"The perfect 12-can beer selection for spring and gardening. Reward yourself with a fresh beer after work (Je\u0161ka, Soho \u0160v\u012bti\u0146\u0161, Me\u017es). Order your treat online!\" \/>\n<meta property=\"og:url\" content=\"https:\/\/labietis.lv\/en\/product\/beer-for-gardening\/\" \/>\n<meta property=\"og:site_name\" content=\"LABIETIS\" \/>\n<meta property=\"article:modified_time\" content=\"2026-04-02T11:55:49+00:00\" \/>\n<meta property=\"og:image\" content=\"https:\/\/labietis.lv\/wp-content\/uploads\/2026\/01\/Darba_alus_izlase.jpg\" \/>\n\t<meta property=\"og:image:width\" content=\"931\" \/>\n\t<meta property=\"og:image:height\" content=\"929\" \/>\n\t<meta property=\"og:image:type\" content=\"image\/jpeg\" \/>\n<meta name=\"twitter:card\" content=\"summary_large_image\" \/>\n<script type=\"application\/ld+json\" class=\"yoast-schema-graph\">{\"@context\":\"https:\/\/schema.org\",\"@graph\":[{\"@type\":\"WebPage\",\"@id\":\"https:\/\/labietis.lv\/en\/product\/beer-for-gardening\/\",\"url\":\"https:\/\/labietis.lv\/en\/product\/beer-for-gardening\/\",\"name\":\"Beer selection for spring gardening - LABIETIS\",\"isPartOf\":{\"@id\":\"https:\/\/labietis.lv\/en\/#website\"},\"primaryImageOfPage\":{\"@id\":\"https:\/\/labietis.lv\/en\/product\/beer-for-gardening\/#primaryimage\"},\"image\":{\"@id\":\"https:\/\/labietis.lv\/en\/product\/beer-for-gardening\/#primaryimage\"},\"thumbnailUrl\":\"https:\/\/labietis.lv\/wp-content\/uploads\/2026\/01\/Darba_alus_izlase.jpg\",\"datePublished\":\"2026-04-01T12:55:39+00:00\",\"dateModified\":\"2026-04-02T11:55:49+00:00\",\"description\":\"The perfect 12-can beer selection for spring and gardening. Reward yourself with a fresh beer after work (Je\u0161ka, Soho \u0160v\u012bti\u0146\u0161, Me\u017es). Order your treat online!\",\"breadcrumb\":{\"@id\":\"https:\/\/labietis.lv\/en\/product\/beer-for-gardening\/#breadcrumb\"},\"inLanguage\":\"en-US\",\"potentialAction\":[{\"@type\":\"ReadAction\",\"target\":[\"https:\/\/labietis.lv\/en\/product\/beer-for-gardening\/\"]}]},{\"@type\":\"ImageObject\",\"inLanguage\":\"en-US\",\"@id\":\"https:\/\/labietis.lv\/en\/product\/beer-for-gardening\/#primaryimage\",\"url\":\"https:\/\/labietis.lv\/wp-content\/uploads\/2026\/01\/Darba_alus_izlase.jpg\",\"contentUrl\":\"https:\/\/labietis.lv\/wp-content\/uploads\/2026\/01\/Darba_alus_izlase.jpg\",\"width\":931,\"height\":929,\"caption\":\"Working_beer_selection\"},{\"@type\":\"BreadcrumbList\",\"@id\":\"https:\/\/labietis.lv\/en\/product\/beer-for-gardening\/#breadcrumb\",\"itemListElement\":[{\"@type\":\"ListItem\",\"position\":1,\"name\":\"Shop\",\"item\":\"https:\/\/labietis.lv\/en\/shop\/\"},{\"@type\":\"ListItem\",\"position\":2,\"name\":\"BEER SELECTIONS\",\"item\":\"https:\/\/labietis.lv\/en\/product-category\/beer-selections\/\"},{\"@type\":\"ListItem\",\"position\":3,\"name\":\"Selection for spring gardening\"}]},{\"@type\":\"WebSite\",\"@id\":\"https:\/\/labietis.lv\/en\/#website\",\"url\":\"https:\/\/labietis.lv\/en\/\",\"name\":\"LABIETIS\",\"description\":\"\",\"publisher\":{\"@id\":\"https:\/\/labietis.lv\/en\/#organization\"},\"potentialAction\":[{\"@type\":\"SearchAction\",\"target\":{\"@type\":\"EntryPoint\",\"urlTemplate\":\"https:\/\/labietis.lv\/en\/?s={search_term_string}\"},\"query-input\":{\"@type\":\"PropertyValueSpecification\",\"valueRequired\":true,\"valueName\":\"search_term_string\"}}],\"inLanguage\":\"en-US\"},{\"@type\":\"Organization\",\"@id\":\"https:\/\/labietis.lv\/en\/#organization\",\"name\":\"LABIETIS\",\"url\":\"https:\/\/labietis.lv\/en\/\",\"logo\":{\"@type\":\"ImageObject\",\"inLanguage\":\"en-US\",\"@id\":\"https:\/\/labietis.lv\/en\/#\/schema\/logo\/image\/\",\"url\":\"https:\/\/labietis.lv\/wp-content\/uploads\/2026\/01\/labietis_name_png.png\",\"contentUrl\":\"https:\/\/labietis.lv\/wp-content\/uploads\/2026\/01\/labietis_name_png.png\",\"width\":191,\"height\":30,\"caption\":\"LABIETIS\"},\"image\":{\"@id\":\"https:\/\/labietis.lv\/en\/#\/schema\/logo\/image\/\"}}]}<\/script>\n<!-- \/ Yoast SEO plugin. -->","yoast_head_json":{"title":"Beer selection for spring gardening - LABIETIS","description":"The perfect 12-can beer selection for spring and gardening. Reward yourself with a fresh beer after work (Je\u0161ka, Soho \u0160v\u012bti\u0146\u0161, Me\u017es). Order your treat online!","robots":{"index":"index","follow":"follow","max-snippet":"max-snippet:-1","max-image-preview":"max-image-preview:large","max-video-preview":"max-video-preview:-1"},"canonical":"https:\/\/labietis.lv\/en\/product\/beer-for-gardening\/","og_locale":"en_US","og_type":"article","og_title":"Beer selection for spring gardening - LABIETIS","og_description":"The perfect 12-can beer selection for spring and gardening. Reward yourself with a fresh beer after work (Je\u0161ka, Soho \u0160v\u012bti\u0146\u0161, Me\u017es). Order your treat online!","og_url":"https:\/\/labietis.lv\/en\/product\/beer-for-gardening\/","og_site_name":"LABIETIS","article_modified_time":"2026-04-02T11:55:49+00:00","og_image":[{"width":931,"height":929,"url":"https:\/\/labietis.lv\/wp-content\/uploads\/2026\/01\/Darba_alus_izlase.jpg","type":"image\/jpeg"}],"twitter_card":"summary_large_image","schema":{"@context":"https:\/\/schema.org","@graph":[{"@type":"WebPage","@id":"https:\/\/labietis.lv\/en\/product\/beer-for-gardening\/","url":"https:\/\/labietis.lv\/en\/product\/beer-for-gardening\/","name":"Beer selection for spring gardening - LABIETIS","isPartOf":{"@id":"https:\/\/labietis.lv\/en\/#website"},"primaryImageOfPage":{"@id":"https:\/\/labietis.lv\/en\/product\/beer-for-gardening\/#primaryimage"},"image":{"@id":"https:\/\/labietis.lv\/en\/product\/beer-for-gardening\/#primaryimage"},"thumbnailUrl":"https:\/\/labietis.lv\/wp-content\/uploads\/2026\/01\/Darba_alus_izlase.jpg","datePublished":"2026-04-01T12:55:39+00:00","dateModified":"2026-04-02T11:55:49+00:00","description":"The perfect 12-can beer selection for spring and gardening. Reward yourself with a fresh beer after work (Je\u0161ka, Soho \u0160v\u012bti\u0146\u0161, Me\u017es). Order your treat online!","breadcrumb":{"@id":"https:\/\/labietis.lv\/en\/product\/beer-for-gardening\/#breadcrumb"},"inLanguage":"en-US","potentialAction":[{"@type":"ReadAction","target":["https:\/\/labietis.lv\/en\/product\/beer-for-gardening\/"]}]},{"@type":"ImageObject","inLanguage":"en-US","@id":"https:\/\/labietis.lv\/en\/product\/beer-for-gardening\/#primaryimage","url":"https:\/\/labietis.lv\/wp-content\/uploads\/2026\/01\/Darba_alus_izlase.jpg","contentUrl":"https:\/\/labietis.lv\/wp-content\/uploads\/2026\/01\/Darba_alus_izlase.jpg","width":931,"height":929,"caption":"Working_beer_selection"},{"@type":"BreadcrumbList","@id":"https:\/\/labietis.lv\/en\/product\/beer-for-gardening\/#breadcrumb","itemListElement":[{"@type":"ListItem","position":1,"name":"Shop","item":"https:\/\/labietis.lv\/en\/shop\/"},{"@type":"ListItem","position":2,"name":"BEER SELECTIONS","item":"https:\/\/labietis.lv\/en\/product-category\/beer-selections\/"},{"@type":"ListItem","position":3,"name":"Selection for spring gardening"}]},{"@type":"WebSite","@id":"https:\/\/labietis.lv\/en\/#website","url":"https:\/\/labietis.lv\/en\/","name":"LABIETIS","description":"","publisher":{"@id":"https:\/\/labietis.lv\/en\/#organization"},"potentialAction":[{"@type":"SearchAction","target":{"@type":"EntryPoint","urlTemplate":"https:\/\/labietis.lv\/en\/?s={search_term_string}"},"query-input":{"@type":"PropertyValueSpecification","valueRequired":true,"valueName":"search_term_string"}}],"inLanguage":"en-US"},{"@type":"Organization","@id":"https:\/\/labietis.lv\/en\/#organization","name":"LABIETIS","url":"https:\/\/labietis.lv\/en\/","logo":{"@type":"ImageObject","inLanguage":"en-US","@id":"https:\/\/labietis.lv\/en\/#\/schema\/logo\/image\/","url":"https:\/\/labietis.lv\/wp-content\/uploads\/2026\/01\/labietis_name_png.png","contentUrl":"https:\/\/labietis.lv\/wp-content\/uploads\/2026\/01\/labietis_name_png.png","width":191,"height":30,"caption":"LABIETIS"},"image":{"@id":"https:\/\/labietis.lv\/en\/#\/schema\/logo\/image\/"}}]}},"_links":{"self":[{"href":"https:\/\/labietis.lv\/en\/wp-json\/wp\/v2\/product\/5029","targetHints":{"allow":["GET"]}}],"collection":[{"href":"https:\/\/labietis.lv\/en\/wp-json\/wp\/v2\/product"}],"about":[{"href":"https:\/\/labietis.lv\/en\/wp-json\/wp\/v2\/types\/product"}],"replies":[{"embeddable":true,"href":"https:\/\/labietis.lv\/en\/wp-json\/wp\/v2\/comments?post=5029"}],"wp:featuredmedia":[{"embeddable":true,"href":"https:\/\/labietis.lv\/en\/wp-json\/wp\/v2\/media\/6574"}],"wp:attachment":[{"href":"https:\/\/labietis.lv\/en\/wp-json\/wp\/v2\/media?parent=5029"}],"wp:term":[{"taxonomy":"product_brand","embeddable":true,"href":"https:\/\/labietis.lv\/en\/wp-json\/wp\/v2\/product_brand?post=5029"},{"taxonomy":"product_cat","embeddable":true,"href":"https:\/\/labietis.lv\/en\/wp-json\/wp\/v2\/product_cat?post=5029"},{"taxonomy":"product_tag","embeddable":true,"href":"https:\/\/labietis.lv\/en\/wp-json\/wp\/v2\/product_tag?post=5029"}],"curies":[{"name":"wp","href":"https:\/\/api.w.org\/{rel}","templated":true}]}}